{"id":2,"date":"2014-11-21T04:51:49","date_gmt":"2014-11-21T04:51:49","guid":{"rendered":"http:\/\/localhost\/wordpress-4.0.1\/wordpress\/?page_id=2"},"modified":"2017-01-22T16:39:29","modified_gmt":"2017-01-22T15:39:29","slug":"sample-page","status":"publish","type":"page","link":"http:\/\/nispuck.de\/?page_id=2","title":{"rendered":"Stahl statt Plaste"},"content":{"rendered":"<dl id=\"attachment_25\" class=\"wp-caption alignright\" style=\"width: 406px;\">\n<dt class=\"wp-caption-dt\"><a href=\"http:\/\/nispuck.de\/wp-content\/uploads\/2014\/11\/CIMG6962HP.jpg\"><img loading=\"lazy\" decoding=\"async\" class=\"wp-image-25\" src=\"http:\/\/nispuck.de\/wp-content\/uploads\/2014\/11\/CIMG6962HP-300x225.jpg\" alt=\"CIMG6962HP\" width=\"396\" height=\"297\" srcset=\"http:\/\/nispuck.de\/wp-content\/uploads\/2014\/11\/CIMG6962HP-300x225.jpg 300w, http:\/\/nispuck.de\/wp-content\/uploads\/2014\/11\/CIMG6962HP-1024x768.jpg 1024w\" sizes=\"(max-width: 396px) 100vw, 396px\" \/><\/a><\/dt>\n<dd class=\"wp-caption-dd\">Im Stadthafen von Honfleur<\/dd>\n<\/dl>\n<h4 class=\"mceTemp\" style=\"text-align: justify;\">Die Nis Puck ist eine sogenannte One Off, also ein Einzelbau.<br \/>\nDie Linien wurden von dem Konstrukteur Helmut Koch entworfen der bekannt ist f\u00fcr die Wattenmeertauglichen Hubkieler mit der Typenbezeichnung Hallig.<br \/>\nSo ist die Nis Puck eine Hallig 39 DS, also eine Decksalonyacht, knapp 12m lang und knapp 4m breit. Gebaut hat sie in 6 Jahre langer Hingebung ein Schiffsingenieur aus der N\u00e4he von Bremen mit Unterst\u00fctzung von Profis im Bootsbau. Stapellauf war 2005, ihr Revier waren die ostfriesischen Inseln und das Wattenmeer, wof\u00fcr sie mit dem Hubkiel ideal geeignet ist.<br \/>\nWir haben die Nis Puck im Sommer 2013 an der Nordseek\u00fcste \u00fcbernommen und unsere ersten Erfahrungen in dem Revier gemacht. Die sehr stabile Bauweise und die M\u00f6glichkeit trockenzufallen lernten wir sehr schnell zu sch\u00e4tzen. Alle Technik im Schiff hat die Qualit\u00e4t der gewerblichen Schiffahrt, auch der &#8222;Hilfsmotor&#8220; mit seinen 6 P\u00f6tten und 143 Pferdest\u00e4rken macht da keine Ausnahme. In 2014 haben wir dann unseren ersten gro\u00dfen T\u00f6rn ins Mittelmeer unternommen, ohne nennenswerte techn. Probleme.<\/h4>\n<div id=\"attachment_26\" style=\"width: 482px\" class=\"wp-caption aligncenter\"><a href=\"http:\/\/nispuck.de\/wp-content\/uploads\/2014\/11\/CIMG7622HP.jpg\"><img loading=\"lazy\" decoding=\"async\" aria-describedby=\"caption-attachment-26\" class=\" wp-image-26\" src=\"http:\/\/nispuck.de\/wp-content\/uploads\/2014\/11\/CIMG7622HP-300x225.jpg\" alt=\"trocken gefallen\" width=\"472\" height=\"354\" srcset=\"http:\/\/nispuck.de\/wp-content\/uploads\/2014\/11\/CIMG7622HP-300x225.jpg 300w, http:\/\/nispuck.de\/wp-content\/uploads\/2014\/11\/CIMG7622HP-1024x768.jpg 1024w\" sizes=\"(max-width: 472px) 100vw, 472px\" \/><\/a><p id=\"caption-attachment-26\" class=\"wp-caption-text\">trocken gefallen in der Lagune von Alvor &#8211; Nordseefeeling<\/p><\/div>\n<p><a href=\"http:\/\/nispuck.de\/wp-content\/uploads\/2014\/11\/NIS-PUCK-Seite-STB_HP.jpg\"><img loading=\"lazy\" decoding=\"async\" class=\"  wp-image-27 aligncenter\" src=\"http:\/\/nispuck.de\/wp-content\/uploads\/2014\/11\/NIS-PUCK-Seite-STB_HP-300x225.jpg\" alt=\"NIS PUCK Seite STB_HP\" width=\"442\" height=\"332\" srcset=\"http:\/\/nispuck.de\/wp-content\/uploads\/2014\/11\/NIS-PUCK-Seite-STB_HP-300x225.jpg 300w, http:\/\/nispuck.de\/wp-content\/uploads\/2014\/11\/NIS-PUCK-Seite-STB_HP-1024x768.jpg 1024w, http:\/\/nispuck.de\/wp-content\/uploads\/2014\/11\/NIS-PUCK-Seite-STB_HP.jpg 1600w\" sizes=\"(max-width: 442px) 100vw, 442px\" \/><\/a><\/p>\n<p><a href=\"http:\/\/nispuck.de\/wp-content\/uploads\/2017\/01\/PA018776-klein.jpg\"><img loading=\"lazy\" decoding=\"async\" class=\"  wp-image-401 aligncenter\" src=\"http:\/\/nispuck.de\/wp-content\/uploads\/2017\/01\/PA018776-klein-300x225.jpg\" alt=\"OLYMPUS DIGITAL CAMERA\" width=\"468\" height=\"351\" srcset=\"http:\/\/nispuck.de\/wp-content\/uploads\/2017\/01\/PA018776-klein-300x225.jpg 300w, http:\/\/nispuck.de\/wp-content\/uploads\/2017\/01\/PA018776-klein-1024x768.jpg 1024w, http:\/\/nispuck.de\/wp-content\/uploads\/2017\/01\/PA018776-klein.jpg 1155w\" sizes=\"(max-width: 468px) 100vw, 468px\" \/><\/a> <a href=\"http:\/\/nispuck.de\/wp-content\/uploads\/2017\/01\/P9070278-klein.jpg\"><img loading=\"lazy\" decoding=\"async\" class=\"  wp-image-400 aligncenter\" src=\"http:\/\/nispuck.de\/wp-content\/uploads\/2017\/01\/P9070278-klein-300x225.jpg\" alt=\"OLYMPUS DIGITAL CAMERA\" width=\"468\" height=\"351\" srcset=\"http:\/\/nispuck.de\/wp-content\/uploads\/2017\/01\/P9070278-klein-300x225.jpg 300w, http:\/\/nispuck.de\/wp-content\/uploads\/2017\/01\/P9070278-klein-1024x768.jpg 1024w, http:\/\/nispuck.de\/wp-content\/uploads\/2017\/01\/P9070278-klein.jpg 1155w\" sizes=\"(max-width: 468px) 100vw, 468px\" \/><\/a>\u00a0 <a href=\"http:\/\/nispuck.de\/wp-content\/uploads\/2017\/01\/P8200144-klein.jpg\"><img loading=\"lazy\" decoding=\"async\" class=\"  wp-image-398 aligncenter\" src=\"http:\/\/nispuck.de\/wp-content\/uploads\/2017\/01\/P8200144-klein-300x225.jpg\" alt=\"OLYMPUS DIGITAL CAMERA\" width=\"467\" height=\"350\" srcset=\"http:\/\/nispuck.de\/wp-content\/uploads\/2017\/01\/P8200144-klein-300x225.jpg 300w, http:\/\/nispuck.de\/wp-content\/uploads\/2017\/01\/P8200144-klein-1024x768.jpg 1024w, http:\/\/nispuck.de\/wp-content\/uploads\/2017\/01\/P8200144-klein.jpg 1155w\" sizes=\"(max-width: 467px) 100vw, 467px\" \/><\/a><a href=\"http:\/\/nispuck.de\/wp-content\/uploads\/2017\/01\/P8200146-klein.jpg\"><img loading=\"lazy\" decoding=\"async\" class=\"  wp-image-399 aligncenter\" src=\"http:\/\/nispuck.de\/wp-content\/uploads\/2017\/01\/P8200146-klein-300x225.jpg\" alt=\"OLYMPUS DIGITAL CAMERA\" width=\"471\" height=\"353\" srcset=\"http:\/\/nispuck.de\/wp-content\/uploads\/2017\/01\/P8200146-klein-300x225.jpg 300w, http:\/\/nispuck.de\/wp-content\/uploads\/2017\/01\/P8200146-klein-1024x768.jpg 1024w, http:\/\/nispuck.de\/wp-content\/uploads\/2017\/01\/P8200146-klein.jpg 1155w\" sizes=\"(max-width: 471px) 100vw, 471px\" \/><\/a> <a href=\"http:\/\/nispuck.de\/wp-content\/uploads\/2017\/01\/P8200142-klein.jpg\"><img loading=\"lazy\" decoding=\"async\" class=\"  wp-image-397 aligncenter\" src=\"http:\/\/nispuck.de\/wp-content\/uploads\/2017\/01\/P8200142-klein-300x225.jpg\" alt=\"OLYMPUS DIGITAL CAMERA\" width=\"466\" height=\"349\" srcset=\"http:\/\/nispuck.de\/wp-content\/uploads\/2017\/01\/P8200142-klein-300x225.jpg 300w, http:\/\/nispuck.de\/wp-content\/uploads\/2017\/01\/P8200142-klein-1024x768.jpg 1024w, http:\/\/nispuck.de\/wp-content\/uploads\/2017\/01\/P8200142-klein.jpg 1155w\" sizes=\"(max-width: 466px) 100vw, 466px\" \/><\/a> <a href=\"http:\/\/nispuck.de\/wp-content\/uploads\/2017\/01\/DSC00372-klein.jpg\"><img loading=\"lazy\" decoding=\"async\" class=\"  wp-image-396 alignnone\" src=\"http:\/\/nispuck.de\/wp-content\/uploads\/2017\/01\/DSC00372-klein-169x300.jpg\" alt=\"DSC00372-klein\" width=\"319\" height=\"566\" srcset=\"http:\/\/nispuck.de\/wp-content\/uploads\/2017\/01\/DSC00372-klein-169x300.jpg 169w, http:\/\/nispuck.de\/wp-content\/uploads\/2017\/01\/DSC00372-klein-576x1024.jpg 576w, http:\/\/nispuck.de\/wp-content\/uploads\/2017\/01\/DSC00372-klein.jpg 750w\" sizes=\"(max-width: 319px) 100vw, 319px\" \/><\/a><a href=\"http:\/\/nispuck.de\/wp-content\/uploads\/2017\/01\/DSC00352-klein.jpg\"><img loading=\"lazy\" decoding=\"async\" class=\"alignnone  wp-image-395\" src=\"http:\/\/nispuck.de\/wp-content\/uploads\/2017\/01\/DSC00352-klein-169x300.jpg\" alt=\"DSC00352-klein\" width=\"316\" height=\"560\" \/><\/a>\u00a0 <a href=\"http:\/\/nispuck.de\/wp-content\/uploads\/2017\/01\/DSC00349-klein.jpg\"><img loading=\"lazy\" decoding=\"async\" class=\"  wp-image-394 aligncenter\" src=\"http:\/\/nispuck.de\/wp-content\/uploads\/2017\/01\/DSC00349-klein-300x169.jpg\" alt=\"DSC00349-klein\" width=\"499\" height=\"281\" srcset=\"http:\/\/nispuck.de\/wp-content\/uploads\/2017\/01\/DSC00349-klein-300x169.jpg 300w, http:\/\/nispuck.de\/wp-content\/uploads\/2017\/01\/DSC00349-klein-1024x576.jpg 1024w, http:\/\/nispuck.de\/wp-content\/uploads\/2017\/01\/DSC00349-klein.jpg 1333w\" sizes=\"(max-width: 499px) 100vw, 499px\" \/><\/a><\/p>\n","protected":false},"excerpt":{"rendered":"<p>Im Stadthafen von Honfleur Die Nis Puck ist eine sogenannte One Off, also ein Einzelbau. Die Linien wurden von dem Konstrukteur Helmut Koch entworfen der bekannt ist f\u00fcr die Wattenmeertauglichen Hubkieler mit der Typenbezeichnung Hallig. So ist die Nis Puck &hellip; <a href=\"http:\/\/nispuck.de\/?page_id=2\">Weiterlesen <span class=\"meta-nav\">&rarr;<\/span><\/a><\/p>\n","protected":false},"author":1,"featured_media":0,"parent":0,"menu_order":0,"comment_status":"open","ping_status":"open","template":"","meta":{"footnotes":""},"_links":{"self":[{"href":"http:\/\/nispuck.de\/index.php?rest_route=\/wp\/v2\/pages\/2"}],"collection":[{"href":"http:\/\/nispuck.de\/index.php?rest_route=\/wp\/v2\/pages"}],"about":[{"href":"http:\/\/nispuck.de\/index.php?rest_route=\/wp\/v2\/types\/page"}],"author":[{"embeddable":true,"href":"http:\/\/nispuck.de\/index.php?rest_route=\/wp\/v2\/users\/1"}],"replies":[{"embeddable":true,"href":"http:\/\/nispuck.de\/index.php?rest_route=%2Fwp%2Fv2%2Fcomments&post=2"}],"version-history":[{"count":10,"href":"http:\/\/nispuck.de\/index.php?rest_route=\/wp\/v2\/pages\/2\/revisions"}],"predecessor-version":[{"id":402,"href":"http:\/\/nispuck.de\/index.php?rest_route=\/wp\/v2\/pages\/2\/revisions\/402"}],"wp:attachment":[{"href":"http:\/\/nispuck.de\/index.php?rest_route=%2Fwp%2Fv2%2Fmedia&parent=2"}],"curies":[{"name":"wp","href":"https:\/\/api.w.org\/{rel}","templated":true}]}}