{"id":52,"date":"2015-03-03T14:16:25","date_gmt":"2015-03-03T14:16:25","guid":{"rendered":"http:\/\/nispuck.de\/?page_id=52"},"modified":"2016-04-23T23:51:28","modified_gmt":"2016-04-23T21:51:28","slug":"startseite","status":"publish","type":"page","link":"http:\/\/nispuck.de\/","title":{"rendered":"Willkommen an Bord!"},"content":{"rendered":"<h2>Das ist die Homepage der Segelyacht Nis Puck.<\/h2>\n<p>Hier gibt es Reiseberichte, Impressionen und Infos \u00fcber unsere Reisen und Erfahrungen auf dem Wasser und zu Lande. 2014 ging es von Terneuzen (NL) Richtung S\u00fcden, \u00fcber Biscaya, entlang der Atlantik\u00fcste nach Gibraltar. Weiter zu den Balearen, Sizilien, hoch zur Amalfik\u00fcste und zur sch\u00f6nen Insel Sardinien.\u00a0Die Reiseberichte hierzu warten noch darauf hier ver\u00f6ffentlicht zu werden. Der T\u00f6rn in 2015 ist bereits hier beschrieben, von Sardinien \u00fcber Tunesien, Malta, Sizilien nach Griechenland. In 2016 werden wir in Griechenland weiter das Wetter und das sch\u00f6ne Segelrevier genie\u00dfen.<\/p>\n<p>Die Beitr\u00e4ge sind unter dem Datum der Erstellung ver\u00f6ffentlicht.\u00a0 \u00dcber freundliche Kommentare oder Tipps f\u00fcr sch\u00f6ne Segelreviere w\u00fcrden wir uns sehr freuen!<\/p>\n","protected":false},"excerpt":{"rendered":"<p>Das ist die Homepage der Segelyacht Nis Puck. Hier gibt es Reiseberichte, Impressionen und Infos \u00fcber unsere Reisen und Erfahrungen auf dem Wasser und zu Lande. 2014 ging es von Terneuzen (NL) Richtung S\u00fcden, \u00fcber Biscaya, entlang der Atlantik\u00fcste nach &hellip; <a href=\"http:\/\/nispuck.de\/\">Weiterlesen <span class=\"meta-nav\">&rarr;<\/span><\/a><\/p>\n","protected":false},"author":1,"featured_media":0,"parent":0,"menu_order":0,"comment_status":"open","ping_status":"open","template":"","meta":{"footnotes":""},"_links":{"self":[{"href":"http:\/\/nispuck.de\/index.php?rest_route=\/wp\/v2\/pages\/52"}],"collection":[{"href":"http:\/\/nispuck.de\/index.php?rest_route=\/wp\/v2\/pages"}],"about":[{"href":"http:\/\/nispuck.de\/index.php?rest_route=\/wp\/v2\/types\/page"}],"author":[{"embeddable":true,"href":"http:\/\/nispuck.de\/index.php?rest_route=\/wp\/v2\/users\/1"}],"replies":[{"embeddable":true,"href":"http:\/\/nispuck.de\/index.php?rest_route=%2Fwp%2Fv2%2Fcomments&post=52"}],"version-history":[{"count":12,"href":"http:\/\/nispuck.de\/index.php?rest_route=\/wp\/v2\/pages\/52\/revisions"}],"predecessor-version":[{"id":388,"href":"http:\/\/nispuck.de\/index.php?rest_route=\/wp\/v2\/pages\/52\/revisions\/388"}],"wp:attachment":[{"href":"http:\/\/nispuck.de\/index.php?rest_route=%2Fwp%2Fv2%2Fmedia&parent=52"}],"curies":[{"name":"wp","href":"https:\/\/api.w.org\/{rel}","templated":true}]}}